{"id":902,"date":"2021-12-21T07:35:53","date_gmt":"2021-12-21T07:35:53","guid":{"rendered":"https:\/\/cecoa.com\/mentions-legales"},"modified":"2021-12-22T16:30:16","modified_gmt":"2021-12-22T16:30:16","slug":"legal-notice","status":"publish","type":"page","link":"https:\/\/cecoa.com\/en\/legal-notice","title":{"rendered":"Legal notice"},"content":{"rendered":"\n[et_pb_section fb_built=&#8221;1&#8243; admin_label=&#8221;Header&#8221; _builder_version=&#8221;4.14.2&#8243; _module_preset=&#8221;default&#8221; use_background_color_gradient=&#8221;on&#8221; background_color_gradient_start=&#8221;#ffffff&#8221; background_color_gradient_end=&#8221;rgba(255,255,255,0)&#8221; background_color_gradient_direction=&#8221;90deg&#8221; background_color_gradient_start_position=&#8221;20%&#8221; background_color_gradient_end_position=&#8221;20%&#8221; background_color_gradient_overlays_image=&#8221;on&#8221; background_image=&#8221;https:\/\/cecoa.com\/wp-content\/uploads\/2021\/12\/cecoa_legalnotice.jpg&#8221; custom_padding=&#8221;0px||100px||false|false&#8221; hover_enabled=&#8221;0&#8243; global_colors_info=&#8221;{}&#8221; title_text=&#8221;cecoa_legalnotice&#8221; sticky_enabled=&#8221;0&#8243;][et_pb_row column_structure=&#8221;1_2,1_2&#8243; _builder_version=&#8221;4.14.2&#8243; _module_preset=&#8221;default&#8221; custom_padding=&#8221;0px||0px||true|false&#8221; global_colors_info=&#8221;{}&#8221;][et_pb_column type=&#8221;1_2&#8243; _builder_version=&#8221;4.14.2&#8243; _module_preset=&#8221;default&#8221; background_color=&#8221;gcid-b473ff9d-aa51-4586-bc6e-31e1fec600ce&#8221; custom_padding=&#8221;60px||60px||true|false&#8221; custom_padding_tablet=&#8221;40px||40px||true|false&#8221; custom_padding_phone=&#8221;20px||20px||true|false&#8221; custom_padding_last_edited=&#8221;on|phone&#8221; box_shadow_style=&#8221;preset4&#8243; box_shadow_horizontal=&#8221;-355px&#8221; box_shadow_vertical=&#8221;0px&#8221; box_shadow_color=&#8221;gcid-b473ff9d-aa51-4586-bc6e-31e1fec600ce&#8221; global_colors_info=&#8221;{%22gcid-b473ff9d-aa51-4586-bc6e-31e1fec600ce%22:%91%22background_color%22,%22box_shadow_color%22%93}&#8221;][et_pb_text _builder_version=&#8221;4.14.2&#8243; _module_preset=&#8221;e598b17a-9229-42f6-b238-019d6094332e&#8221; header_font=&#8221;Poppins|300||on|||||&#8221; header_text_color=&#8221;#FFFFFF&#8221; header_font_size=&#8221;65px&#8221; header_line_height=&#8221;1.1em&#8221; z_index=&#8221;99999&#8243; custom_margin=&#8221;||0px||false|false&#8221; header_font_size_tablet=&#8221;40px&#8221; header_font_size_phone=&#8221;24px&#8221; header_font_size_last_edited=&#8221;on|phone&#8221; locked=&#8221;off&#8221; global_colors_info=&#8221;{}&#8221;]<h1>Mentions l\u00e9gales<\/h1>[\/et_pb_text][et_pb_divider color=&#8221;rgba(244,208,8,0.6)&#8221; divider_weight=&#8221;10px&#8221; _builder_version=&#8221;4.14.2&#8243; _module_preset=&#8221;a9fcc5b1-74c5-43b4-b776-3e310da5f3e8&#8243; z_index=&#8221;10&#8243; max_width=&#8221;260px&#8221; height=&#8221;10px&#8221; custom_margin=&#8221;-33px||30px||false|false&#8221; custom_margin_tablet=&#8221;-59px||||false|false&#8221; custom_margin_phone=&#8221;-48px||||false|false&#8221; custom_margin_last_edited=&#8221;on|desktop&#8221; locked=&#8221;off&#8221; global_colors_info=&#8221;{}&#8221;][\/et_pb_divider][\/et_pb_column][et_pb_column type=&#8221;1_2&#8243; _builder_version=&#8221;4.14.2&#8243; _module_preset=&#8221;default&#8221; global_colors_info=&#8221;{}&#8221;][\/et_pb_column][\/et_pb_row][\/et_pb_section][et_pb_section fb_built=&#8221;1&#8243; _builder_version=&#8221;4.14.2&#8243; _module_preset=&#8221;default&#8221; global_colors_info=&#8221;{}&#8221;][et_pb_row _builder_version=&#8221;4.14.2&#8243; _module_preset=&#8221;default&#8221; hover_enabled=&#8221;0&#8243; global_colors_info=&#8221;{}&#8221; sticky_enabled=&#8221;0&#8243;][et_pb_column type=&#8221;4_4&#8243; _builder_version=&#8221;4.14.2&#8243; _module_preset=&#8221;default&#8221; global_colors_info=&#8221;{}&#8221;][et_pb_text _builder_version=&#8221;4.14.2&#8243; _module_preset=&#8221;default&#8221; hover_enabled=&#8221;0&#8243; sticky_enabled=&#8221;0&#8243;]Le pr\u00e9sent site Web et l\u00b4ensemble de son contenu, y compris textes, images fixes ou anim\u00e9es, bases de donn\u00e9es, ci-apr\u00e8s le Site Web, est prot\u00e9g\u00e9 par le droit d\u00b4auteur.\nLa CECOA ne vous conc\u00e8de qu\u00b4une autorisation de visualisation de son contenu \u00e0 titre personnel et priv\u00e9. L\u00b4impression papier est autoris\u00e9e aux fins de copie priv\u00e9e \u00e0 l\u00b4usage exclusif du copiste au sens de l\u00b4article L. 122-5 2\u00b0 du Code de la Propri\u00e9t\u00e9 Intellectuelle. Toute autre utilisation non express\u00e9ment vis\u00e9e aux pr\u00e9sentes n\u00b4est pas permise et n\u00e9cessite l\u00b4accord expr\u00e8s \u00e9crit et pr\u00e9alable de la CECOA.\n\nLe pr\u00e9sent Site Web a \u00e9t\u00e9 cr\u00e9\u00e9 en France. En utilisant le pr\u00e9sent Site Web, vous acceptez les conditions d\u00b4utilisation d\u00e9crites ci-avant, sans pr\u00e9judice de tous recours de nature contractuelle ou d\u00e9lictuelle pouvant \u00eatre exerc\u00e9s par la CECOA. Tout litige portant sur le pr\u00e9sent site internet www.cecoa.com sera de la comp\u00e9tence exclusive des tribunaux fran\u00e7ais faisant application de la loi fran\u00e7aise.\nL\u00b4ensemble des informations publi\u00e9es sur le site de CECOA sont non contractuelles. L\u00b4ensemble des \u00e9l\u00e9ments de ce site est \u00a9 2014 CECOA &#8211; tous droits r\u00e9serv\u00e9s.\n\n\nPour tout contact : CECOA 44 avenue de New York 75116 Paris\nH\u00e9bergement mutualis\u00e9 chez www.1and1.fr[\/et_pb_text][\/et_pb_column][\/et_pb_row][\/et_pb_section]\n","protected":false},"excerpt":{"rendered":"<p>Mentions l\u00e9galesLe pr\u00e9sent site Web et l\u00b4ensemble de son contenu, y compris textes, images fixes ou anim\u00e9es, bases de donn\u00e9es, ci-apr\u00e8s le Site Web, est prot\u00e9g\u00e9 par le droit d\u00b4auteur. La CECOA ne vous conc\u00e8de qu\u00b4une autorisation de visualisation de son contenu \u00e0 titre personnel et priv\u00e9. L\u00b4impression papier est autoris\u00e9e aux fins de copie [&hellip;]<\/p>\n","protected":false},"author":1,"featured_media":0,"parent":0,"menu_order":0,"comment_status":"closed","ping_status":"closed","template":"","meta":{"_et_pb_use_builder":"on","_et_pb_old_content":"<p>[directorist_all_listing]<\/p>\n\n<!-- wp:paragraph -->\n<p><\/p>\n<!-- \/wp:paragraph -->","_et_gb_content_width":"","footnotes":""},"class_list":["post-902","page","type-page","status-publish","hentry"],"_links":{"self":[{"href":"https:\/\/cecoa.com\/en\/wp-json\/wp\/v2\/pages\/902","targetHints":{"allow":["GET"]}}],"collection":[{"href":"https:\/\/cecoa.com\/en\/wp-json\/wp\/v2\/pages"}],"about":[{"href":"https:\/\/cecoa.com\/en\/wp-json\/wp\/v2\/types\/page"}],"author":[{"embeddable":true,"href":"https:\/\/cecoa.com\/en\/wp-json\/wp\/v2\/users\/1"}],"replies":[{"embeddable":true,"href":"https:\/\/cecoa.com\/en\/wp-json\/wp\/v2\/comments?post=902"}],"version-history":[{"count":1,"href":"https:\/\/cecoa.com\/en\/wp-json\/wp\/v2\/pages\/902\/revisions"}],"predecessor-version":[{"id":914,"href":"https:\/\/cecoa.com\/en\/wp-json\/wp\/v2\/pages\/902\/revisions\/914"}],"wp:attachment":[{"href":"https:\/\/cecoa.com\/en\/wp-json\/wp\/v2\/media?parent=902"}],"curies":[{"name":"wp","href":"https:\/\/api.w.org\/{rel}","templated":true}]}}